{"id":25222,"date":"2015-08-07T10:50:31","date_gmt":"2015-08-07T08:50:31","guid":{"rendered":"https:\/\/www.benedyktynki-sakramentki.org\/?page_id=25222"},"modified":"2020-11-28T13:38:37","modified_gmt":"2020-11-28T12:38:37","slug":"order-of-services","status":"publish","type":"page","link":"https:\/\/www.benedyktynki-sakramentki.org\/en\/news\/order-of-services\/","title":{"rendered":"Order of services"},"content":{"rendered":"<h2 style=\"text-align: center;\"><strong>Order of services in the monastery church<\/strong><\/h2>\n<p><strong><a href=\"http:\/\/www.benedyktynki-sakramentki.org\/galerie\/kosciol\/\"><img loading=\"lazy\" decoding=\"async\" class=\"alignright size-full wp-image-17010\" style=\"border-image: background: #FFFFFF; margin: 0 10px 10px 0; padding: 4px; border-left: 1px solid #D7DBE0; border-right: 1px solid #D7DBE0; border-bottom: 1px solid #B6BCC3; border-top: 1px solid #D7DBE0;\" title=\"Ko\u015bci\u00f3\u0142\" src=\"http:\/\/www.benedyktynki-sakramentki.org\/wp-content\/uploads\/2011\/10\/Kosciol.jpg\" alt=\"Ko\u015bci\u00f3\u0142 \u015bw. Kazimierza\" width=\"217\" height=\"300\" \/><\/a><\/strong><\/p>\n<h3><strong>Holy Masses:<\/strong><\/h3>\n<p>On Sundays and solemnities &#8211; 9.00 a.m. and 5.00 p.m.<br \/>\nOn other days &#8211; at 7.30 a.m. <em>(in July and August<\/em><br \/>\n<em>and in the octave of Christmas &#8211; at 8.00 a.m.)\u00a0<\/em><\/p>\n<p><span style=\"text-decoration: underline;\">Sunday Conventual Mass at 9 a.m.<br \/>\nis celebrated in Latin<\/span><\/p>\n<p>During the Holy Mass, Gregorian chant is performed.<\/p>\n<h3><strong>The exposition of the Blessed\u00a0 Sacrament:<\/strong><\/h3>\n<p>On Thursdays from 8.30 a.m. &#8211; 8.00 p.m.<br \/>\nOn Sundays from 10.00 a.m. to 5.00 p.m.<\/p>\n<h3><strong>Liturgy of the Hours with nuns (Office of Readings and Compline):<\/strong><\/h3>\n<p>On Thursdays from 7 p.m.<\/p>\n<div class=\"pt-cv-wrapper\"><div class=\"pt-cv-view pt-cv-grid pt-cv-colsys pt-cv-content-hover pt-cv-clickable pt-cv-force-mask pt-cv-overlay-bottom\" id=\"pt-cv-view-aff0807tcp\"><div data-id=\"pt-cv-page-1\" class=\"pt-cv-page\" data-cvc=\"2\"><div class=\"col-md-6 col-sm-6 col-xs-12 pt-cv-content-item pt-cv-1-col\"  data-pid=\"21437\"><div class='pt-cv-ifield'><div class=\"pt-cv-hover-wrapper\"><a href=\"https:\/\/www.benedyktynki-sakramentki.org\/en\/news\/day-schedule\/\" class=\"_self pt-cv-href-thumbnail pt-cv-thumb-default cvplbd\" target=\"_self\" ><img loading=\"lazy\" decoding=\"async\" width=\"300\" height=\"169\" src=\"https:\/\/www.benedyktynki-sakramentki.org\/wp-content\/uploads\/2018\/08\/Plan_dnia-300x169.jpg\" class=\"pt-cv-thumbnail img-none\" alt=\"Day schedule\" srcset=\"https:\/\/www.benedyktynki-sakramentki.org\/wp-content\/uploads\/2018\/08\/Plan_dnia-300x169.jpg 300w, https:\/\/www.benedyktynki-sakramentki.org\/wp-content\/uploads\/2018\/08\/Plan_dnia-768x432.jpg 768w, https:\/\/www.benedyktynki-sakramentki.org\/wp-content\/uploads\/2018\/08\/Plan_dnia-800x450.jpg 800w, https:\/\/www.benedyktynki-sakramentki.org\/wp-content\/uploads\/2018\/08\/Plan_dnia.jpg 1200w\" sizes=\"auto, (max-width: 300px) 100vw, 300px\" \/><\/a><div class=\"pt-cv-mask\"><h4 class=\"pt-cv-animation-left pt-cv-title\"><a href=\"https:\/\/www.benedyktynki-sakramentki.org\/en\/news\/day-schedule\/\" class=\"_self cvplbd\" target=\"_self\" >Day schedule<\/a><\/h4><\/div><\/div><\/div><\/div>\n<div class=\"col-md-6 col-sm-6 col-xs-12 pt-cv-content-item pt-cv-1-col\"  data-pid=\"21440\"><div class='pt-cv-ifield'><div class=\"pt-cv-hover-wrapper\"><a href=\"https:\/\/www.benedyktynki-sakramentki.org\/en\/news\/announcements\/\" class=\"_self pt-cv-href-thumbnail pt-cv-thumb-default cvplbd\" target=\"_self\" ><img loading=\"lazy\" decoding=\"async\" width=\"300\" height=\"168\" src=\"https:\/\/www.benedyktynki-sakramentki.org\/wp-content\/uploads\/2019\/03\/Ogloszenia1-300x168.jpg\" class=\"pt-cv-thumbnail img-none\" alt=\"Announcements\" srcset=\"https:\/\/www.benedyktynki-sakramentki.org\/wp-content\/uploads\/2019\/03\/Ogloszenia1-300x168.jpg 300w, https:\/\/www.benedyktynki-sakramentki.org\/wp-content\/uploads\/2019\/03\/Ogloszenia1-768x430.jpg 768w, https:\/\/www.benedyktynki-sakramentki.org\/wp-content\/uploads\/2019\/03\/Ogloszenia1-800x448.jpg 800w, https:\/\/www.benedyktynki-sakramentki.org\/wp-content\/uploads\/2019\/03\/Ogloszenia1.jpg 1200w\" sizes=\"auto, (max-width: 300px) 100vw, 300px\" \/><\/a><div class=\"pt-cv-mask\"><h4 class=\"pt-cv-animation-left pt-cv-title\"><a href=\"https:\/\/www.benedyktynki-sakramentki.org\/en\/news\/announcements\/\" class=\"_self cvplbd\" target=\"_self\" >Announcements<\/a><\/h4><\/div><\/div><\/div><\/div><\/div><\/div><\/div>\t\t\t<style type=\"text\/css\" id=\"pt-cv-inline-style-d6b1d9a28t\">#pt-cv-view-aff0807tcp .pt-cv-title a, #pt-cv-view-aff0807tcp  .panel-title { font-weight: 600 !important; }\n#pt-cv-view-aff0807tcp  .pt-cv-hover-wrapper::before   { background-color: rgba(0,0,0,.3) !important; }\n#pt-cv-view-aff0807tcp  .pt-cv-content-item:hover .pt-cv-hover-wrapper::before   { background-color: rgba(51,51,51,.6) !important; }\n#pt-cv-view-aff0807tcp:not(.pt-cv-nohover) .pt-cv-mask *   { color: #fff; }\n#pt-cv-view-aff0807tcp .pt-cv-readmore  { color: #ffffff !important; background-color: #00aeef !important; }\n#pt-cv-view-aff0807tcp .pt-cv-readmore:hover  { color: #ffffff !important; background-color: #00aeef !important; }<\/style>\r\n\t\t\t\n<p>&nbsp;<\/p>\n<input class=\"fooboxshare_post_id\" type=\"hidden\" value=\"25222\"\/>","protected":false},"excerpt":{"rendered":"&hellip; <a href=\"https:\/\/www.benedyktynki-sakramentki.org\/en\/news\/order-of-services\/\" class=\"read-more\">c.d. <\/a>","protected":false},"author":2,"featured_media":21294,"parent":21427,"menu_order":3,"comment_status":"open","ping_status":"open","template":"","meta":{"_genesis_hide_title":false,"_genesis_hide_breadcrumbs":false,"_genesis_hide_singular_image":false,"_genesis_hide_footer_widgets":false,"_genesis_custom_body_class":"","_genesis_custom_post_class":"","_genesis_layout":"","h5ap_radio_sources":[],"footnotes":""},"class_list":{"0":"post-25222","1":"page","2":"type-page","3":"status-publish","4":"has-post-thumbnail","6":"entry"},"_links":{"self":[{"href":"https:\/\/www.benedyktynki-sakramentki.org\/en\/wp-json\/wp\/v2\/pages\/25222","targetHints":{"allow":["GET"]}}],"collection":[{"href":"https:\/\/www.benedyktynki-sakramentki.org\/en\/wp-json\/wp\/v2\/pages"}],"about":[{"href":"https:\/\/www.benedyktynki-sakramentki.org\/en\/wp-json\/wp\/v2\/types\/page"}],"author":[{"embeddable":true,"href":"https:\/\/www.benedyktynki-sakramentki.org\/en\/wp-json\/wp\/v2\/users\/2"}],"replies":[{"embeddable":true,"href":"https:\/\/www.benedyktynki-sakramentki.org\/en\/wp-json\/wp\/v2\/comments?post=25222"}],"version-history":[{"count":0,"href":"https:\/\/www.benedyktynki-sakramentki.org\/en\/wp-json\/wp\/v2\/pages\/25222\/revisions"}],"up":[{"embeddable":true,"href":"https:\/\/www.benedyktynki-sakramentki.org\/en\/wp-json\/wp\/v2\/pages\/21427"}],"wp:featuredmedia":[{"embeddable":true,"href":"https:\/\/www.benedyktynki-sakramentki.org\/en\/wp-json\/wp\/v2\/media\/21294"}],"wp:attachment":[{"href":"https:\/\/www.benedyktynki-sakramentki.org\/en\/wp-json\/wp\/v2\/media?parent=25222"}],"curies":[{"name":"wp","href":"https:\/\/api.w.org\/{rel}","templated":true}]}}