{"id":36108,"date":"2024-08-01T00:39:31","date_gmt":"2024-07-31T22:39:31","guid":{"rendered":"https:\/\/www.benedyktynki-sakramentki.org\/?page_id=36108"},"modified":"2024-08-05T11:04:59","modified_gmt":"2024-08-05T09:04:59","slug":"sister-m-roza-karczewska","status":"publish","type":"page","link":"https:\/\/www.benedyktynki-sakramentki.org\/en\/about-us\/warsaw-monastery\/sakramentki44-nuns-who-sacrificed-their-lives\/sister-m-roza-karczewska\/","title":{"rendered":"Sister M. R\u00f3\u017ca Karczewska"},"content":{"rendered":"<p style=\"text-align: justify;\">Sister Maria R\u00f3\u017ca of the Blessed Sacrament &#8211; Zofia Karczewska<br \/>\nDate and place of birth: October 6, 1904, M\u0119czyn, par. Mokobody<br \/>\nDate of entry: January 30, 1926<br \/>\nDate of vestition: December 13, 1926<br \/>\nDate of profession: January 9, 1928 (temporary), July 11, 1932 (perpetual)<br \/>\nOffices in the monastery: in the kitchen<\/p>\n<p><a href=\"https:\/\/www.benedyktynki-sakramentki.org\/wp-content\/uploads\/2024\/07\/17.-S.Roza_-300x450.jpg\"><img loading=\"lazy\" decoding=\"async\" class=\"aligncenter wp-image-35855 size-medium\" src=\"https:\/\/www.benedyktynki-sakramentki.org\/wp-content\/uploads\/2024\/07\/17.-S.Roza_-300x450.jpg\" alt=\"\" width=\"300\" height=\"450\" srcset=\"https:\/\/www.benedyktynki-sakramentki.org\/wp-content\/uploads\/2024\/07\/17.-S.Roza_-300x450.jpg 300w, https:\/\/www.benedyktynki-sakramentki.org\/wp-content\/uploads\/2024\/07\/17.-S.Roza_.jpg 533w\" sizes=\"auto, (max-width: 300px) 100vw, 300px\" \/><\/a><\/p>\n<input class=\"fooboxshare_post_id\" type=\"hidden\" value=\"36108\"\/>","protected":false},"excerpt":{"rendered":"<p>Sister Maria R\u00f3\u017ca of the Blessed Sacrament &#8211; Zofia Karczewska Date and place of birth: October 6, 1904, M\u0119czyn, par. Mokobody Date of entry: January 30, 1926 Date of vestition: December 13, 1926 Date of profession: January 9, 1928 (temporary), July 11, 1932 (perpetual) Offices in the monastery: in the kitchen<\/p>\n","protected":false},"author":2,"featured_media":35928,"parent":36132,"menu_order":0,"comment_status":"closed","ping_status":"closed","template":"","meta":{"_genesis_hide_title":false,"_genesis_hide_breadcrumbs":false,"_genesis_hide_singular_image":false,"_genesis_hide_footer_widgets":false,"_genesis_custom_body_class":"","_genesis_custom_post_class":"","_genesis_layout":"","h5ap_radio_sources":[],"footnotes":""},"class_list":{"0":"post-36108","1":"page","2":"type-page","3":"status-publish","4":"has-post-thumbnail","6":"entry"},"_links":{"self":[{"href":"https:\/\/www.benedyktynki-sakramentki.org\/en\/wp-json\/wp\/v2\/pages\/36108","targetHints":{"allow":["GET"]}}],"collection":[{"href":"https:\/\/www.benedyktynki-sakramentki.org\/en\/wp-json\/wp\/v2\/pages"}],"about":[{"href":"https:\/\/www.benedyktynki-sakramentki.org\/en\/wp-json\/wp\/v2\/types\/page"}],"author":[{"embeddable":true,"href":"https:\/\/www.benedyktynki-sakramentki.org\/en\/wp-json\/wp\/v2\/users\/2"}],"replies":[{"embeddable":true,"href":"https:\/\/www.benedyktynki-sakramentki.org\/en\/wp-json\/wp\/v2\/comments?post=36108"}],"version-history":[{"count":0,"href":"https:\/\/www.benedyktynki-sakramentki.org\/en\/wp-json\/wp\/v2\/pages\/36108\/revisions"}],"up":[{"embeddable":true,"href":"https:\/\/www.benedyktynki-sakramentki.org\/en\/wp-json\/wp\/v2\/pages\/36132"}],"wp:featuredmedia":[{"embeddable":true,"href":"https:\/\/www.benedyktynki-sakramentki.org\/en\/wp-json\/wp\/v2\/media\/35928"}],"wp:attachment":[{"href":"https:\/\/www.benedyktynki-sakramentki.org\/en\/wp-json\/wp\/v2\/media?parent=36108"}],"curies":[{"name":"wp","href":"https:\/\/api.w.org\/{rel}","templated":true}]}}