{"id":36114,"date":"2024-08-01T00:51:50","date_gmt":"2024-07-31T22:51:50","guid":{"rendered":"https:\/\/www.benedyktynki-sakramentki.org\/?page_id=36114"},"modified":"2024-08-05T11:45:27","modified_gmt":"2024-08-05T09:45:27","slug":"sister-m-malgorzata-zalazek","status":"publish","type":"page","link":"https:\/\/www.benedyktynki-sakramentki.org\/en\/about-us\/warsaw-monastery\/sakramentki44-nuns-who-sacrificed-their-lives\/sister-m-malgorzata-zalazek\/","title":{"rendered":"Sister M. Ma\u0142gorzata Zalazek"},"content":{"rendered":"<p>Sister Maria Ma\u0142gorzata of the Heart of Jesus &#8211; J\u00f3zefa Zalazek<br \/>\nDate and place of birth: April 20, 1899, Warsaw, Poland<br \/>\nDate of entry: April 20, 1928<br \/>\nDate of vestition: April 17, 1929<br \/>\nDate of profession: October 1, 1930 (temporary), October 2, 1933 (perpetual)<br \/>\nOffices in the monastery: on the farm, laundry, mangle<\/p>\n<p><a href=\"https:\/\/www.benedyktynki-sakramentki.org\/wp-content\/uploads\/2024\/07\/20.-S.Malgorzata-300x450.jpg\"><img loading=\"lazy\" decoding=\"async\" class=\"aligncenter wp-image-35861 size-medium\" src=\"https:\/\/www.benedyktynki-sakramentki.org\/wp-content\/uploads\/2024\/07\/20.-S.Malgorzata-300x450.jpg\" alt=\"\" width=\"300\" height=\"450\" srcset=\"https:\/\/www.benedyktynki-sakramentki.org\/wp-content\/uploads\/2024\/07\/20.-S.Malgorzata-300x450.jpg 300w, https:\/\/www.benedyktynki-sakramentki.org\/wp-content\/uploads\/2024\/07\/20.-S.Malgorzata.jpg 533w\" sizes=\"auto, (max-width: 300px) 100vw, 300px\" \/><\/a><\/p>\n<input class=\"fooboxshare_post_id\" type=\"hidden\" value=\"36114\"\/>","protected":false},"excerpt":{"rendered":"<p>Sister Maria Ma\u0142gorzata of the Heart of Jesus &#8211; J\u00f3zefa Zalazek Date and place of birth: April 20, 1899, Warsaw, Poland Date of entry: April 20, 1928 Date of vestition: April 17, 1929 Date of profession: October 1, 1930 (temporary), October 2, 1933 (perpetual) Offices in the monastery: on the farm, laundry, mangle<\/p>\n","protected":false},"author":2,"featured_media":35926,"parent":36132,"menu_order":0,"comment_status":"closed","ping_status":"closed","template":"","meta":{"_genesis_hide_title":false,"_genesis_hide_breadcrumbs":false,"_genesis_hide_singular_image":false,"_genesis_hide_footer_widgets":false,"_genesis_custom_body_class":"","_genesis_custom_post_class":"","_genesis_layout":"","h5ap_radio_sources":[],"footnotes":""},"class_list":{"0":"post-36114","1":"page","2":"type-page","3":"status-publish","4":"has-post-thumbnail","6":"entry"},"_links":{"self":[{"href":"https:\/\/www.benedyktynki-sakramentki.org\/en\/wp-json\/wp\/v2\/pages\/36114","targetHints":{"allow":["GET"]}}],"collection":[{"href":"https:\/\/www.benedyktynki-sakramentki.org\/en\/wp-json\/wp\/v2\/pages"}],"about":[{"href":"https:\/\/www.benedyktynki-sakramentki.org\/en\/wp-json\/wp\/v2\/types\/page"}],"author":[{"embeddable":true,"href":"https:\/\/www.benedyktynki-sakramentki.org\/en\/wp-json\/wp\/v2\/users\/2"}],"replies":[{"embeddable":true,"href":"https:\/\/www.benedyktynki-sakramentki.org\/en\/wp-json\/wp\/v2\/comments?post=36114"}],"version-history":[{"count":0,"href":"https:\/\/www.benedyktynki-sakramentki.org\/en\/wp-json\/wp\/v2\/pages\/36114\/revisions"}],"up":[{"embeddable":true,"href":"https:\/\/www.benedyktynki-sakramentki.org\/en\/wp-json\/wp\/v2\/pages\/36132"}],"wp:featuredmedia":[{"embeddable":true,"href":"https:\/\/www.benedyktynki-sakramentki.org\/en\/wp-json\/wp\/v2\/media\/35926"}],"wp:attachment":[{"href":"https:\/\/www.benedyktynki-sakramentki.org\/en\/wp-json\/wp\/v2\/media?parent=36114"}],"curies":[{"name":"wp","href":"https:\/\/api.w.org\/{rel}","templated":true}]}}