{"id":36140,"date":"2024-08-01T01:30:19","date_gmt":"2024-07-31T23:30:19","guid":{"rendered":"https:\/\/www.benedyktynki-sakramentki.org\/?page_id=36140"},"modified":"2024-08-05T12:42:43","modified_gmt":"2024-08-05T10:42:43","slug":"sister-m-kolumba-suminska","status":"publish","type":"page","link":"https:\/\/www.benedyktynki-sakramentki.org\/en\/about-us\/warsaw-monastery\/sakramentki44-nuns-who-sacrificed-their-lives\/sister-m-kolumba-suminska\/","title":{"rendered":"Sister M. Kolumba Sumi\u0144ska"},"content":{"rendered":"<p>Sister\u00a0Maria Kolumba of the Sacred Heart of Jesus &#8211; Bogumi\u0142a Sumi\u0144ska<br \/>\nDate and place of birth: September 25, 1910 Rakoniewice near Pozna\u0144<br \/>\nDate of entry: 1941<br \/>\nDate of vestition: November 11, 1941<br \/>\nDate of profession: 1942 (temporary)<\/p>\n<h6>Other information:<\/h6>\n<ul>\n<li>Graduate of the elite Hugo Ko\u0142\u0142\u0105taj First High School in Krotoszyn<\/li>\n<\/ul>\n<p><a href=\"https:\/\/www.benedyktynki-sakramentki.org\/wp-content\/uploads\/2024\/07\/30.-S.Kolumba-300x450.jpg\"><img loading=\"lazy\" decoding=\"async\" class=\"aligncenter wp-image-35877 size-medium\" src=\"https:\/\/www.benedyktynki-sakramentki.org\/wp-content\/uploads\/2024\/07\/30.-S.Kolumba-300x450.jpg\" alt=\"\" width=\"300\" height=\"450\" srcset=\"https:\/\/www.benedyktynki-sakramentki.org\/wp-content\/uploads\/2024\/07\/30.-S.Kolumba-300x450.jpg 300w, https:\/\/www.benedyktynki-sakramentki.org\/wp-content\/uploads\/2024\/07\/30.-S.Kolumba.jpg 533w\" sizes=\"auto, (max-width: 300px) 100vw, 300px\" \/><\/a><\/p>\n<input class=\"fooboxshare_post_id\" type=\"hidden\" value=\"36140\"\/>","protected":false},"excerpt":{"rendered":"<p>Sister\u00a0Maria Kolumba of the Sacred Heart of Jesus &#8211; Bogumi\u0142a Sumi\u0144ska Date and place of birth: September 25, 1910 Rakoniewice near Pozna\u0144 Date of entry: 1941 Date of vestition: November 11, 1941 Date of profession: 1942 (temporary) Other information: Graduate of the elite Hugo Ko\u0142\u0142\u0105taj First High School in Krotoszyn<\/p>\n","protected":false},"author":2,"featured_media":35922,"parent":36132,"menu_order":0,"comment_status":"closed","ping_status":"closed","template":"","meta":{"_genesis_hide_title":false,"_genesis_hide_breadcrumbs":false,"_genesis_hide_singular_image":false,"_genesis_hide_footer_widgets":false,"_genesis_custom_body_class":"","_genesis_custom_post_class":"","_genesis_layout":"","h5ap_radio_sources":[],"footnotes":""},"class_list":{"0":"post-36140","1":"page","2":"type-page","3":"status-publish","4":"has-post-thumbnail","6":"entry"},"_links":{"self":[{"href":"https:\/\/www.benedyktynki-sakramentki.org\/en\/wp-json\/wp\/v2\/pages\/36140","targetHints":{"allow":["GET"]}}],"collection":[{"href":"https:\/\/www.benedyktynki-sakramentki.org\/en\/wp-json\/wp\/v2\/pages"}],"about":[{"href":"https:\/\/www.benedyktynki-sakramentki.org\/en\/wp-json\/wp\/v2\/types\/page"}],"author":[{"embeddable":true,"href":"https:\/\/www.benedyktynki-sakramentki.org\/en\/wp-json\/wp\/v2\/users\/2"}],"replies":[{"embeddable":true,"href":"https:\/\/www.benedyktynki-sakramentki.org\/en\/wp-json\/wp\/v2\/comments?post=36140"}],"version-history":[{"count":0,"href":"https:\/\/www.benedyktynki-sakramentki.org\/en\/wp-json\/wp\/v2\/pages\/36140\/revisions"}],"up":[{"embeddable":true,"href":"https:\/\/www.benedyktynki-sakramentki.org\/en\/wp-json\/wp\/v2\/pages\/36132"}],"wp:featuredmedia":[{"embeddable":true,"href":"https:\/\/www.benedyktynki-sakramentki.org\/en\/wp-json\/wp\/v2\/media\/35922"}],"wp:attachment":[{"href":"https:\/\/www.benedyktynki-sakramentki.org\/en\/wp-json\/wp\/v2\/media?parent=36140"}],"curies":[{"name":"wp","href":"https:\/\/api.w.org\/{rel}","templated":true}]}}