{"id":36143,"date":"2024-08-01T01:34:40","date_gmt":"2024-07-31T23:34:40","guid":{"rendered":"https:\/\/www.benedyktynki-sakramentki.org\/?page_id=36143"},"modified":"2024-08-05T12:46:02","modified_gmt":"2024-08-05T10:46:02","slug":"sister-m-katarzyna-kuzminska","status":"publish","type":"page","link":"https:\/\/www.benedyktynki-sakramentki.org\/en\/about-us\/warsaw-monastery\/sakramentki44-nuns-who-sacrificed-their-lives\/sister-m-katarzyna-kuzminska\/","title":{"rendered":"Sister M. Katarzyna Ku\u017ami\u0144ska"},"content":{"rendered":"<p>Sister Maria Katarzyna of All Saints &#8211; Ma\u0142gorzata Ku\u017ami\u0144ska<br \/>\nDate and place of birth: 1918, Brzeziny<br \/>\nDate of entry: 1941<br \/>\nDate of vestition: 1942<br \/>\nDate of profession: 1943 (temporary profession)<br \/>\nOffices in the monastery: altar bread workshop<\/p>\n<p><a href=\"https:\/\/www.benedyktynki-sakramentki.org\/wp-content\/uploads\/2024\/07\/31.-S.Katarzyna-300x450.jpg\"><img loading=\"lazy\" decoding=\"async\" class=\"aligncenter wp-image-35879 size-medium\" src=\"https:\/\/www.benedyktynki-sakramentki.org\/wp-content\/uploads\/2024\/07\/31.-S.Katarzyna-300x450.jpg\" alt=\"\" width=\"300\" height=\"450\" srcset=\"https:\/\/www.benedyktynki-sakramentki.org\/wp-content\/uploads\/2024\/07\/31.-S.Katarzyna-300x450.jpg 300w, https:\/\/www.benedyktynki-sakramentki.org\/wp-content\/uploads\/2024\/07\/31.-S.Katarzyna.jpg 533w\" sizes=\"auto, (max-width: 300px) 100vw, 300px\" \/><\/a><\/p>\n<input class=\"fooboxshare_post_id\" type=\"hidden\" value=\"36143\"\/>","protected":false},"excerpt":{"rendered":"<p>Sister Maria Katarzyna of All Saints &#8211; Ma\u0142gorzata Ku\u017ami\u0144ska Date and place of birth: 1918, Brzeziny Date of entry: 1941 Date of vestition: 1942 Date of profession: 1943 (temporary profession) Offices in the monastery: altar bread workshop<\/p>\n","protected":false},"author":2,"featured_media":35916,"parent":36132,"menu_order":0,"comment_status":"closed","ping_status":"closed","template":"","meta":{"_genesis_hide_title":false,"_genesis_hide_breadcrumbs":false,"_genesis_hide_singular_image":false,"_genesis_hide_footer_widgets":false,"_genesis_custom_body_class":"","_genesis_custom_post_class":"","_genesis_layout":"","h5ap_radio_sources":[],"footnotes":""},"class_list":{"0":"post-36143","1":"page","2":"type-page","3":"status-publish","4":"has-post-thumbnail","6":"entry"},"_links":{"self":[{"href":"https:\/\/www.benedyktynki-sakramentki.org\/en\/wp-json\/wp\/v2\/pages\/36143","targetHints":{"allow":["GET"]}}],"collection":[{"href":"https:\/\/www.benedyktynki-sakramentki.org\/en\/wp-json\/wp\/v2\/pages"}],"about":[{"href":"https:\/\/www.benedyktynki-sakramentki.org\/en\/wp-json\/wp\/v2\/types\/page"}],"author":[{"embeddable":true,"href":"https:\/\/www.benedyktynki-sakramentki.org\/en\/wp-json\/wp\/v2\/users\/2"}],"replies":[{"embeddable":true,"href":"https:\/\/www.benedyktynki-sakramentki.org\/en\/wp-json\/wp\/v2\/comments?post=36143"}],"version-history":[{"count":0,"href":"https:\/\/www.benedyktynki-sakramentki.org\/en\/wp-json\/wp\/v2\/pages\/36143\/revisions"}],"up":[{"embeddable":true,"href":"https:\/\/www.benedyktynki-sakramentki.org\/en\/wp-json\/wp\/v2\/pages\/36132"}],"wp:featuredmedia":[{"embeddable":true,"href":"https:\/\/www.benedyktynki-sakramentki.org\/en\/wp-json\/wp\/v2\/media\/35916"}],"wp:attachment":[{"href":"https:\/\/www.benedyktynki-sakramentki.org\/en\/wp-json\/wp\/v2\/media?parent=36143"}],"curies":[{"name":"wp","href":"https:\/\/api.w.org\/{rel}","templated":true}]}}